{"id":4523,"date":"2019-07-23T17:38:23","date_gmt":"2019-07-23T15:38:23","guid":{"rendered":"https:\/\/uat.auricchio.it\/?page_id=4523"},"modified":"2019-10-04T14:15:46","modified_gmt":"2019-10-04T12:15:46","slug":"privacy-policy","status":"publish","type":"page","link":"https:\/\/uat.auricchio.it\/privacy-policy","title":{"rendered":"Privacy Policy"},"content":{"rendered":"<p><strong>LA PRIVACY POLICY DI QUESTO SITO<\/strong><\/p>\n<div><\/div>\n<p><strong>LO SCOPO DELL\u2019INFORMATIVA<\/strong><\/p>\n<p>Lo scopo di questa pagina \u00e8 descrivere le modalit\u00e0 di gestione del sito in riferimento al trattamento dei dati personali degli utenti che lo consultano, i quali saranno trattati secondo regole di liceit\u00e0, correttezza, pertinenza e non eccedenza.<\/p>\n<div><\/div>\n<p>Si tratta di un\u2019informativa che \u00e8 resa ai sensi degli artt. 13 e 14 del Nuovo Regolamento Europeo in materia di protezione dei dati personali GDPR \u2013 UE n. 679\/16 a coloro che interagiscono con i servizi web di\u00a0<b>Gennaro Auricchio S.p.A.<\/b>, accessibili per via internet a partire dall\u2019indirizzo:\u00a0<strong>uat.auricchio.it<\/strong>, corrispondente alla pagina iniziale del sito ufficiale di<\/p>\n<p><b>Gennaro Auricchio S.p.A.<\/b>.<\/p>\n<p>L\u2019informativa \u00e8 resa solo per il sito di\u00a0<b>Gennaro Auricchio S.p.A.<\/b>\u00a0e non anche per altri siti web eventualmente consultati dall\u2019utente tramite link.<\/p>\n<p>L\u2019informativa viene fornita secondo il considerando (58) della UE n. 679\/16 ed il considerando (67) e secondo una valutazione del rischio secondo le \u2013\u00a0<em>Linee guida in materia di<\/em>\u00a0<em>valutazione d\u2019impatto sulla protezione dei dati e determinazione della possibilit\u00e0 che il trattamento\u00a0<\/em>\u201c<em>possa presentare un rischio elevato\u201d ai fini del regolamento (UE) 2016\/67<\/em>\u2013 WP 248 del gruppo di lavoro articolo 29 per la protezione dei dati per chiarire le modalit\u00e0, i tempi e la natura delle informazioni che i titolari del trattamento devono fornire agli utenti quando questi si collegano a pagine web, indipendentemente dagli scopi del collegamento (principio di Trasparenza del GDPR).<\/p>\n<div><\/div>\n<p><strong>LUOGO DI TRATTAMENTO DEI DATI<\/strong><\/p>\n<p>I trattamenti connessi ai servizi web di questo sito hanno luogo presso la sede di\u00a0<strong>Gennaro Auricchio S.p.A.\u00a0<\/strong>o del fornitore preposto ai servizi Internet e di hosting\/housing del nostro sito e sono curati solo da personale tecnico dell\u2019Ufficio incaricato del trattamento, oppure da eventuali incaricati di occasionali operazioni di manutenzione.<\/p>\n<p>Il trattamento dei dati avviene sulla base della loro conservazione in archivi informatici, il cui accesso ai dati si limita alle procedure di manutenzione in conformit\u00e0 a quanto previsto dall\u2019allegato B (ex D.lgs 196\/03).<\/p>\n<p>Nessun dato derivante dal servizio web viene comunicato o diffuso.<\/p>\n<p>I dati personali forniti dagli utenti che inoltrano richieste di invio di materiale informativo (newsletter, richieste di informazioni, cataloghi, Cd- rom, ecc.) sono utilizzati al solo fine di eseguire il servizio o la prestazione richiesta e sono comunicati a terzi nel solo caso in cui ci\u00f2 sia a tal fine necessario (servizi di spedizione di\u00a0<b>Gennaro Auricchio S.p.A.<\/b>). Ogni altra finalit\u00e0 sar\u00e0 oggetto di specifica informativa resa agli interessati ai sensi degli artt. 13 e 14 del GDPR.<\/p>\n<div><\/div>\n<p><strong>TIPI DI DATI TRATTATI<\/strong><\/p>\n<p><em>Dati di navigazione<\/em><\/p>\n<p>I sistemi informatici e le procedure software preposte al funzionamento di questo sito web acquisiscono, nel corso del loro normale esercizio, alcuni dati personali (c.d. log files) la cui trasmissione \u00e8 implicita nell\u2019uso dei protocolli di comunicazione di Internet.<\/p>\n<p>Si tratta di informazioni che non sono raccolte per essere associate a interessati identificati, ma che per loro stessa natura potrebbero, attraverso elaborazioni ed associazioni con dati detenuti da terzi, permettere di identificare gli utenti.<\/p>\n<p>In questa categoria di dati rientrano gli indirizzi IP o i nomi a dominio dei computer utilizzati dagli utenti che si connettono al sito, gli indirizzi in notazione URI (Uniform Resource Identifier) delle risorse richieste, l\u2019orario della richiesta, il metodo utilizzato nel sottoporre la richiesta al server, la dimensione del file ottenuto in risposta, il codice numerico indicante lo stato della risposta data dal server (buon fine, errore, ecc.) ed altri parametri relativi al sistema operativo e all\u2019ambiente informatico dell\u2019utente.<\/p>\n<p>Questi dati vengono utilizzati al solo fine di ricavare informazioni statistiche anonime sull\u2019uso del sito e per controllarne il corretto funzionamento. I dati potrebbero essere utilizzati per l\u2019accertamento di responsabilit\u00e0 in caso di ipotetici reati informatici ai danni del sito e potranno essere esibiti all\u2019Autorit\u00e0 Giudiziaria, qualora questa ne faccia esplicita richiesta.<\/p>\n<div><\/div>\n<p><em>Dati forniti volontariamente dall\u2019utente<\/em><\/p>\n<p>L\u2019invio facoltativo, esplicito e volontario di posta elettronica agli indirizzi indicati su questo sito comporta la successiva acquisizione dell\u2019indirizzo del mittente, necessario per rispondere alle richieste, nonch\u00e9 degli eventuali altri dati personali inseriti nella missiva.<\/p>\n<p>Specifiche informative art. 13 verranno progressivamente riportate o visualizzate nelle pagine del sito predisposte per particolari servizi a richiesta.<\/p>\n<div><\/div>\n<p><strong><em>COOKIES<\/em><\/strong><\/p>\n<p>Nessun dato personale degli utenti viene in proposito acquisito dal sito.<\/p>\n<p>Non viene fatto uso di cookies per la trasmissione di informazioni di carattere personale, n\u00e9 vengono utilizzati sistemi per il tracciamento e l\u2019identificazione degli utenti.<\/p>\n<p>L\u2019uso di c.d. cookies \u00e8 strettamente limitato alla trasmissione di identificativi di sessione (costituiti da numeri casuali generati dal server) necessari per consentire l\u2019esplorazione sicura ed efficiente del sito ed utilizzati ai fini statistici per la rilevazione dei visitatori unici mensili.<\/p>\n<p>Il cookie pu\u00f2 essere eliminato dal navigatore utilizzando le funzioni del proprio programma di navigazione.<\/p>\n<div><\/div>\n<p><strong><em>COOKIES DI PROFILAZIONE O FINALIZZATI AL MARKETING<\/em><\/strong><\/p>\n<p>Non viene fatto uso di cookies diversi da quelli tecnici; cio\u00e8 non viene fatto uso di cookies di profilazione degli utenti che accedono al sito ne di cookies per attivit\u00e0 commerciali e di marketing. Tale specificazione \u00e8 resa in ottemperanza al Provvedimento del Garante Privacy \u201cIndividuazione delle modalit\u00e0 semplificate per l\u2019informativa e l\u2019acquisizione del consenso per l\u2019uso dei cookie\u201d \u2013 8 maggio 2014 (Pubblicato sulla Gazzetta Ufficiale n. 126 del 3 giugno 2014).<\/p>\n<p>Potete rifiutarvi di usare i cookies selezionando l\u2019impostazione appropriata sul vostro browser, ma ci\u00f2 potrebbe impedirvi di utilizzare tutte le funzionalit\u00e0 di questo sito web. Utilizzando il presente sito web, voi acconsentite al trattamento dei Vostri dati da parte di Google per le modalit\u00e0 e i fini sopraindicati.<\/p>\n<div><\/div>\n<p><strong>FACOLTATIVITA\u2019 DEL CONFERIMENTO DEI DATI<\/strong><\/p>\n<p>A parte quanto specificato per i dati di navigazione, l\u2019utente \u00e8 libero di fornire i dati personali riportati negli eventuali moduli di richiesta (forma web del sito) di\u00a0<b>Gennaro Auricchio S.p.A.<\/b>\u00a0o comunque indicati in contatti con l\u2019Ufficio per sollecitare l\u2019invio di materiale informativo o di altre comunicazioni.<\/p>\n<p>Il loro mancato conferimento pu\u00f2 comportare l\u2019impossibilit\u00e0 di ottenere quanto richiesto.<\/p>\n<p>Per completezza va ricordato che in alcuni casi (non oggetto dell\u2019ordinaria gestione di questo sito) l\u2019Autorit\u00e0 pu\u00f2 richiedere notizie e informazioni ai sensi dell\u2019art 157 dell\u2019ex D.lgs. n. 196\/2003 e secondo GDPR, ai fini del controllo sul trattamento dei dati personali. In questi casi la risposta \u00e8 obbligatoria a pena di sanzione amministrativa.<\/p>\n<div><\/div>\n<p><strong>AUTORIZZAZIONI AL TRATTAMENTO<\/strong><\/p>\n<p>I dati raccolti tramite le form web di questo sito sono oggetto di trattamento da parte degli \u201cIncaricati al Trattamento dei dati personali\u201d di\u00a0<b>Gennaro Auricchio S.p.A.<\/b>\u00a0nella maniera e nelle modalit\u00e0 stabilite dal nostro \u201cResponsabile del Trattamento\u201d secondo le norme stabilite dal nostro \u201cTitolare del Trattamento\u201d ed in ottemperanza alla normativa vigente (GDPR UE n. 679\/16) garantendo i diritti di liceit\u00e0, correttezza, riservatezza.<\/p>\n<p>Le autorizzazioni al trattamento sono monitorate dal \u201c Responsabile della Protezione dei Dati\u201d (RPD), altrimenti detto \u201cData Protection Officer\u201d (DPO) della ragione sociale\u00a0<b>Gennaro Auricchio S.p.A.<\/b>.<\/p>\n<div><\/div>\n<p><strong>COMUNICAZIONE E DIFFUSIONE<\/strong><\/p>\n<p>I vostri dati potranno essere oggetto di comunicazione (anche all\u2019estero) presso societ\u00e0 controllate, controllanti e collegate in qualsiasi forma giuridica a\u00a0<b>Gennaro Auricchio S.p.A.<\/b>; la tutela dei vostri dati sar\u00e0 comunque garantita tramite regolamentazione del trattamento (formalizzazione di responsabilit\u00e0 in outsourcing ed incarichi).<\/p>\n<div><\/div>\n<p><strong>TRASFERIMENTO DEI DATI IN PAESI EXTRA-UE<\/strong><\/p>\n<p>Non \u00e8 previsto alcun trasferimento dei dati personali raccolti in paesi Extra-Ue.<\/p>\n<div><\/div>\n<p><strong>PERIODO DI CONSERVAZIONE DEI DATI RACCOLTI.<\/strong><\/p>\n<p>I dati personali raccolti per le finalit\u00e0 sopra esposte saranno conservati presso la nostra societ\u00e0 per il tempo necessario previsto per le attivit\u00e0 afferenti e per i periodi previsti dalla legge, dopodich\u00e9 verranno distrutti (diritto all\u2019oblio) o resi in forma anonima (pseudonimizzazione) se necessari per finalit\u00e0 statistiche o di storicizzazione.<\/p>\n<div><\/div>\n<p><strong>DIRITTI DEGLINTERESSATI<\/strong><\/p>\n<p>In relazione ai predetti trattamenti potranno essere esercitati i diritti di cui agli artt. 15, 16, 17, 18 e 19 del GDPR UE n. 679\/16 (diritti di Accesso, Rettifica, Cancellazione, Limitazione del trattamento e Notifica in casi di Rettifica\/Cancellazione\/Limitazione da parte del Titolare del trattamento). Le richieste dell\u2019esercizio dei diritti vanno inoltrate a\u00a0<b>Gennaro Auricchio S.p.A.<\/b>\u00a0all\u2019indirizzo aziendale.<\/p>\n<div><\/div>\n<p><strong>RIFERIMENTI NOMINATIVI DELLA NOSTRA TITOLARIT\u00c0<\/strong><\/p>\n<p>ANTONIO AURICCHIO<\/p>\n<p>in qualit\u00e0 di Legale Rappresentante della ragione sociale\u00a0<b>Gennaro Auricchio S.p.A.<\/b>, autonoma \u201cTitolare del Trattamento\u201d (TDT) dei dati personali,<\/p>\n<p>PARIDE BOTTAJOLI<\/p>\n<p>in qualit\u00e0 di \u201cResponsabile del Trattamento dei Dati Personali\u201d (RDT) della ragione sociale\u00a0<b>Gennaro Auricchio S.p.A.<\/b>,<\/p>\n<p>VALERIANO MAIOGLIO<\/p>\n<p>in qualit\u00e0 di \u201c Responsabile della Protezione dei Dati\u201d (RPD), altrimenti detto \u201cData Protection Officer\u201d (DPO) della ragione sociale <b>Gennaro Auricchio S.p.A.<\/b><\/p>\n","protected":false},"excerpt":{"rendered":"<p>LA PRIVACY POLICY DI QUESTO SITO LO SCOPO DELL\u2019INFORMATIVA Lo scopo di questa pagina \u00e8 descrivere le modalit\u00e0 di gestione del sito in riferimento al trattamento dei dati personali degli utenti che lo consultano, i quali saranno trattati secondo regole di liceit\u00e0, correttezza, pertinenza e non eccedenza. Si tratta di un\u2019informativa che \u00e8 resa ai [&hellip;]<\/p>\n","protected":false},"author":1,"featured_media":0,"parent":0,"menu_order":88,"comment_status":"closed","ping_status":"closed","template":"full_width.php","meta":{"footnotes":""},"acf":[],"yoast_head":"<!-- This site is optimized with the Yoast SEO plugin v22.8 - https:\/\/yoast.com\/wordpress\/plugins\/seo\/ -->\n<title>Privacy Policy - Auricchio<\/title>\n<meta name=\"robots\" content=\"index, follow, max-snippet:-1, max-image-preview:large, max-video-preview:-1\" \/>\n<link rel=\"canonical\" href=\"https:\/\/uat.auricchio.it\/privacy-policy\" \/>\n<meta property=\"og:locale\" content=\"it_IT\" \/>\n<meta property=\"og:type\" content=\"article\" \/>\n<meta property=\"og:title\" content=\"Privacy Policy - Auricchio\" \/>\n<meta property=\"og:description\" content=\"LA PRIVACY POLICY DI QUESTO SITO LO SCOPO DELL\u2019INFORMATIVA Lo scopo di questa pagina \u00e8 descrivere le modalit\u00e0 di gestione del sito in riferimento al trattamento dei dati personali degli utenti che lo consultano, i quali saranno trattati secondo regole di liceit\u00e0, correttezza, pertinenza e non eccedenza. Si tratta di un\u2019informativa che \u00e8 resa ai [&hellip;]\" \/>\n<meta property=\"og:url\" content=\"https:\/\/uat.auricchio.it\/privacy-policy\" \/>\n<meta property=\"og:site_name\" content=\"Auricchio\" \/>\n<meta property=\"article:modified_time\" content=\"2019-10-04T12:15:46+00:00\" \/>\n<meta name=\"twitter:card\" content=\"summary_large_image\" \/>\n<meta name=\"twitter:label1\" content=\"Tempo di lettura stimato\" \/>\n\t<meta name=\"twitter:data1\" content=\"7 minuti\" \/>\n<script type=\"application\/ld+json\" class=\"yoast-schema-graph\">{\"@context\":\"https:\/\/schema.org\",\"@graph\":[{\"@type\":\"WebPage\",\"@id\":\"https:\/\/uat.auricchio.it\/privacy-policy\",\"url\":\"https:\/\/uat.auricchio.it\/privacy-policy\",\"name\":\"Privacy Policy - Auricchio\",\"isPartOf\":{\"@id\":\"https:\/\/uat.auricchio.it\/#website\"},\"datePublished\":\"2019-07-23T15:38:23+00:00\",\"dateModified\":\"2019-10-04T12:15:46+00:00\",\"breadcrumb\":{\"@id\":\"https:\/\/uat.auricchio.it\/privacy-policy#breadcrumb\"},\"inLanguage\":\"it-IT\",\"potentialAction\":[{\"@type\":\"ReadAction\",\"target\":[\"https:\/\/uat.auricchio.it\/privacy-policy\"]}]},{\"@type\":\"BreadcrumbList\",\"@id\":\"https:\/\/uat.auricchio.it\/privacy-policy#breadcrumb\",\"itemListElement\":[{\"@type\":\"ListItem\",\"position\":1,\"name\":\"Home\",\"item\":\"https:\/\/uat.auricchio.it\/\"},{\"@type\":\"ListItem\",\"position\":2,\"name\":\"Privacy Policy\"}]},{\"@type\":\"WebSite\",\"@id\":\"https:\/\/uat.auricchio.it\/#website\",\"url\":\"https:\/\/uat.auricchio.it\/\",\"name\":\"Auricchio\",\"description\":\"Ogni spicchio qualcosa di speciale\",\"potentialAction\":[{\"@type\":\"SearchAction\",\"target\":{\"@type\":\"EntryPoint\",\"urlTemplate\":\"https:\/\/uat.auricchio.it\/?s={search_term_string}\"},\"query-input\":\"required name=search_term_string\"}],\"inLanguage\":\"it-IT\"}]}<\/script>\n<!-- \/ Yoast SEO plugin. -->","yoast_head_json":{"title":"Privacy Policy - Auricchio","robots":{"index":"index","follow":"follow","max-snippet":"max-snippet:-1","max-image-preview":"max-image-preview:large","max-video-preview":"max-video-preview:-1"},"canonical":"https:\/\/uat.auricchio.it\/privacy-policy","og_locale":"it_IT","og_type":"article","og_title":"Privacy Policy - Auricchio","og_description":"LA PRIVACY POLICY DI QUESTO SITO LO SCOPO DELL\u2019INFORMATIVA Lo scopo di questa pagina \u00e8 descrivere le modalit\u00e0 di gestione del sito in riferimento al trattamento dei dati personali degli utenti che lo consultano, i quali saranno trattati secondo regole di liceit\u00e0, correttezza, pertinenza e non eccedenza. Si tratta di un\u2019informativa che \u00e8 resa ai [&hellip;]","og_url":"https:\/\/uat.auricchio.it\/privacy-policy","og_site_name":"Auricchio","article_modified_time":"2019-10-04T12:15:46+00:00","twitter_card":"summary_large_image","twitter_misc":{"Tempo di lettura stimato":"7 minuti"},"schema":{"@context":"https:\/\/schema.org","@graph":[{"@type":"WebPage","@id":"https:\/\/uat.auricchio.it\/privacy-policy","url":"https:\/\/uat.auricchio.it\/privacy-policy","name":"Privacy Policy - Auricchio","isPartOf":{"@id":"https:\/\/uat.auricchio.it\/#website"},"datePublished":"2019-07-23T15:38:23+00:00","dateModified":"2019-10-04T12:15:46+00:00","breadcrumb":{"@id":"https:\/\/uat.auricchio.it\/privacy-policy#breadcrumb"},"inLanguage":"it-IT","potentialAction":[{"@type":"ReadAction","target":["https:\/\/uat.auricchio.it\/privacy-policy"]}]},{"@type":"BreadcrumbList","@id":"https:\/\/uat.auricchio.it\/privacy-policy#breadcrumb","itemListElement":[{"@type":"ListItem","position":1,"name":"Home","item":"https:\/\/uat.auricchio.it\/"},{"@type":"ListItem","position":2,"name":"Privacy Policy"}]},{"@type":"WebSite","@id":"https:\/\/uat.auricchio.it\/#website","url":"https:\/\/uat.auricchio.it\/","name":"Auricchio","description":"Ogni spicchio qualcosa di speciale","potentialAction":[{"@type":"SearchAction","target":{"@type":"EntryPoint","urlTemplate":"https:\/\/uat.auricchio.it\/?s={search_term_string}"},"query-input":"required name=search_term_string"}],"inLanguage":"it-IT"}]}},"_links":{"self":[{"href":"https:\/\/uat.auricchio.it\/index.php?rest_route=\/wp\/v2\/pages\/4523"}],"collection":[{"href":"https:\/\/uat.auricchio.it\/index.php?rest_route=\/wp\/v2\/pages"}],"about":[{"href":"https:\/\/uat.auricchio.it\/index.php?rest_route=\/wp\/v2\/types\/page"}],"author":[{"embeddable":true,"href":"https:\/\/uat.auricchio.it\/index.php?rest_route=\/wp\/v2\/users\/1"}],"replies":[{"embeddable":true,"href":"https:\/\/uat.auricchio.it\/index.php?rest_route=%2Fwp%2Fv2%2Fcomments&post=4523"}],"version-history":[{"count":0,"href":"https:\/\/uat.auricchio.it\/index.php?rest_route=\/wp\/v2\/pages\/4523\/revisions"}],"wp:attachment":[{"href":"https:\/\/uat.auricchio.it\/index.php?rest_route=%2Fwp%2Fv2%2Fmedia&parent=4523"}],"curies":[{"name":"wp","href":"https:\/\/api.w.org\/{rel}","templated":true}]}}