{"id":62673,"date":"2022-11-28T11:47:37","date_gmt":"2022-11-28T10:47:37","guid":{"rendered":"https:\/\/uat.auricchio.it\/?page_id=62673"},"modified":"2023-01-11T13:35:06","modified_gmt":"2023-01-11T12:35:06","slug":"auricchio-news","status":"publish","type":"page","link":"https:\/\/uat.auricchio.it\/auricchio-news","title":{"rendered":"3B Latte entra a far parte del Gruppo Auricchio"},"content":{"rendered":"<p style=\"text-align: center;\"><strong>ANTONIO AURICCHIO<\/strong><br \/>\n<span style=\"color: #e32b22;\"><em>(Presidente del Gruppo Auricchio)<\/em><\/span><\/p>\n<p style=\"text-align: center;\">\u201c[\u2026]Esiste una perfetta complementariet\u00e0 fra noi e 3B Latte: durante questi mesi abbiamo potuto apprezzare le forti affinit\u00e0 culturali e valoriali nel modo di fare impresa e nella dedizione assoluta alla qualit\u00e0 ed alla produzione artigianale, fra il nostro Gruppo e 3B Latte.[\u2026]\u201d<\/p>\n<p style=\"text-align: center;\"><strong>ALBERTO AURICCHIO<\/strong><br \/>\n<span style=\"color: #e32b22;\"><em>(Amministratore del Gruppo Auricchio)<\/em><\/span><\/p>\n<p style=\"text-align: center;\">\u201cVediamo importanti opportunita\u0300 di sviluppo di lungo periodo nella distribuzione internazionale degli eccellenti prodotti di 3B Latte e nello sviluppo di progetti congiunti di innovazione. [\u2026] Siamo orgogliosi che 3B Latte abbia scelto noi per il prossimo capitolo della sua esemplare storia imprenditoriale al fine di preservarla e valorizzarla ancora di piu\u0300[\u2026]\u201d<\/p>\n<p style=\"text-align: center;\"><strong>FLORINDO BERTONI<\/strong><br \/>\n<span style=\"color: #e32b22;\"><em>(Amministratore Delegato di 3B Latte)<\/em><\/span><\/p>\n<p class=\"p1\" style=\"text-align: center;\">&#8220;Questo progetto ci consentir\u00e0 di accelerare la nostra crescita mantenendo per\u00f2 grande focus e autonomia nella gestione. Abbiamo scelto di entrare in partnership con il Gruppo Auricchio perch\u00e9 c\u2019\u00e8 perfetta complementarit\u00e0 di prodotti, visione di crescita futura e valori imprenditoriali condivisi. Siamo molto soddisfatti della scelta effettuata.&#8221;<\/p>\n<hr \/>\n<p style=\"text-align: center;\"><strong>DOCUMENTI E LINK<\/strong><\/p>\n<p style=\"text-align: center;\"><span style=\"color: #3e733d;\"><u><a style=\"color: #3e733d;\" href=\"https:\/\/uat.auricchio.it\/wp-content\/uploads\/2022\/11\/Auricchio-CompanyProfileW.pdf\">Auricchio Company Profile<\/a><\/u><br \/>\n<u><a style=\"color: #3e733d;\" href=\"https:\/\/uat.auricchio.it\/wp-content\/uploads\/2022\/11\/Auricchio_StoriaW.pdf\">Auricchio Stroria<\/a><\/u><br \/>\n<u><a style=\"color: #3e733d;\" href=\"https:\/\/uat.auricchio.it\/wp-content\/uploads\/2022\/12\/Comunicato_Auricchio_3BLatte_Dicembre-2022W3.pdf\">Comunicato stampa<\/a><\/u><br \/>\n<u><a style=\"color: #3e733d;\" href=\"https:\/\/www.3blatte.it\/it\/\">Sito 3B Latte<\/a><\/u><\/span><\/p>\n<hr \/>\n<p style=\"text-align: center;\"><strong>IL GRUPPO AURICCHIO<\/strong><\/p>\n<p style=\"text-align: center;\"><img loading=\"lazy\" decoding=\"async\" class=\"alignnone wp-image-62837\" src=\"https:\/\/uat.auricchio.it\/wp-content\/uploads\/2022\/11\/auricchio-claim-300x291.png\" alt=\"\" width=\"114\" height=\"110\" srcset=\"https:\/\/uat.auricchio.it\/wp-content\/uploads\/2022\/11\/auricchio-claim-300x291.png 300w, https:\/\/uat.auricchio.it\/wp-content\/uploads\/2022\/11\/auricchio-claim-768x744.png 768w, https:\/\/uat.auricchio.it\/wp-content\/uploads\/2022\/11\/auricchio-claim.png 929w\" sizes=\"(max-width: 114px) 100vw, 114px\" \/><a href=\"http:\/\/www.cascine-emiliane.it\/\"><img loading=\"lazy\" decoding=\"async\" class=\"alignnone wp-image-9167\" src=\"https:\/\/uat.auricchio.it\/wp-content\/uploads\/2019\/09\/cascine-emiliane-300x291.png\" alt=\"\" width=\"117\" height=\"113\" srcset=\"https:\/\/uat.auricchio.it\/wp-content\/uploads\/2019\/09\/cascine-emiliane-300x291.png 300w, https:\/\/uat.auricchio.it\/wp-content\/uploads\/2019\/09\/cascine-emiliane-768x744.png 768w, https:\/\/uat.auricchio.it\/wp-content\/uploads\/2019\/09\/cascine-emiliane-700x678.png 700w, https:\/\/uat.auricchio.it\/wp-content\/uploads\/2019\/09\/cascine-emiliane.png 929w\" sizes=\"(max-width: 117px) 100vw, 117px\" \/><\/a><a href=\"https:\/\/www.caseificiovilla.eu\/\"><img loading=\"lazy\" decoding=\"async\" class=\"alignnone wp-image-9160\" src=\"https:\/\/uat.auricchio.it\/wp-content\/uploads\/2019\/09\/villa-300x291.png\" alt=\"\" width=\"113\" height=\"109\" srcset=\"https:\/\/uat.auricchio.it\/wp-content\/uploads\/2019\/09\/villa-300x291.png 300w, https:\/\/uat.auricchio.it\/wp-content\/uploads\/2019\/09\/villa-768x744.png 768w, https:\/\/uat.auricchio.it\/wp-content\/uploads\/2019\/09\/villa-700x678.png 700w, https:\/\/uat.auricchio.it\/wp-content\/uploads\/2019\/09\/villa.png 929w\" sizes=\"(max-width: 113px) 100vw, 113px\" \/><\/a><a href=\"https:\/\/www.lapecorella.it\/\"><img loading=\"lazy\" decoding=\"async\" class=\"alignnone wp-image-9165\" src=\"https:\/\/uat.auricchio.it\/wp-content\/uploads\/2019\/09\/pecorella-300x300.png\" alt=\"\" width=\"112\" height=\"112\" srcset=\"https:\/\/uat.auricchio.it\/wp-content\/uploads\/2019\/09\/pecorella-300x300.png 300w, https:\/\/uat.auricchio.it\/wp-content\/uploads\/2019\/09\/pecorella-150x150.png 150w, https:\/\/uat.auricchio.it\/wp-content\/uploads\/2019\/09\/pecorella-768x768.png 768w, https:\/\/uat.auricchio.it\/wp-content\/uploads\/2019\/09\/pecorella-570x570.png 570w, https:\/\/uat.auricchio.it\/wp-content\/uploads\/2019\/09\/pecorella-500x500.png 500w, https:\/\/uat.auricchio.it\/wp-content\/uploads\/2019\/09\/pecorella-700x700.png 700w, https:\/\/uat.auricchio.it\/wp-content\/uploads\/2019\/09\/pecorella.png 930w\" sizes=\"(max-width: 112px) 100vw, 112px\" \/><\/a> <a href=\"https:\/\/www.caseificiogiordano.it\/\"><img loading=\"lazy\" decoding=\"async\" class=\"alignnone wp-image-62790\" src=\"https:\/\/uat.auricchio.it\/wp-content\/uploads\/2022\/11\/Logo-Giordano-1-300x228.jpg\" alt=\"\" width=\"130\" height=\"99\" srcset=\"https:\/\/uat.auricchio.it\/wp-content\/uploads\/2022\/11\/Logo-Giordano-1-300x228.jpg 300w, https:\/\/uat.auricchio.it\/wp-content\/uploads\/2022\/11\/Logo-Giordano-1-768x583.jpg 768w, https:\/\/uat.auricchio.it\/wp-content\/uploads\/2022\/11\/Logo-Giordano-1-1024x778.jpg 1024w\" sizes=\"(max-width: 130px) 100vw, 130px\" \/><\/a>\u00a0<a href=\"https:\/\/www.hispanoitaliana.com\/\"><img loading=\"lazy\" decoding=\"async\" class=\"alignnone wp-image-9156\" src=\"https:\/\/uat.auricchio.it\/wp-content\/uploads\/2019\/09\/hispano-italiano-300x300.png\" alt=\"\" width=\"127\" height=\"127\" srcset=\"https:\/\/uat.auricchio.it\/wp-content\/uploads\/2019\/09\/hispano-italiano-300x300.png 300w, https:\/\/uat.auricchio.it\/wp-content\/uploads\/2019\/09\/hispano-italiano-150x150.png 150w, https:\/\/uat.auricchio.it\/wp-content\/uploads\/2019\/09\/hispano-italiano-768x768.png 768w, https:\/\/uat.auricchio.it\/wp-content\/uploads\/2019\/09\/hispano-italiano-570x570.png 570w, https:\/\/uat.auricchio.it\/wp-content\/uploads\/2019\/09\/hispano-italiano-500x500.png 500w, https:\/\/uat.auricchio.it\/wp-content\/uploads\/2019\/09\/hispano-italiano-700x700.png 700w, https:\/\/uat.auricchio.it\/wp-content\/uploads\/2019\/09\/hispano-italiano.png 930w\" sizes=\"(max-width: 127px) 100vw, 127px\" \/><\/a><a href=\"https:\/\/ambriola.com\/\"><img loading=\"lazy\" decoding=\"async\" class=\"alignnone wp-image-9158\" src=\"https:\/\/uat.auricchio.it\/wp-content\/uploads\/2019\/09\/ambriola-300x300.png\" alt=\"\" width=\"122\" height=\"122\" srcset=\"https:\/\/uat.auricchio.it\/wp-content\/uploads\/2019\/09\/ambriola-300x300.png 300w, https:\/\/uat.auricchio.it\/wp-content\/uploads\/2019\/09\/ambriola-150x150.png 150w, https:\/\/uat.auricchio.it\/wp-content\/uploads\/2019\/09\/ambriola-768x768.png 768w, https:\/\/uat.auricchio.it\/wp-content\/uploads\/2019\/09\/ambriola-570x570.png 570w, https:\/\/uat.auricchio.it\/wp-content\/uploads\/2019\/09\/ambriola-500x500.png 500w, https:\/\/uat.auricchio.it\/wp-content\/uploads\/2019\/09\/ambriola-700x700.png 700w, https:\/\/uat.auricchio.it\/wp-content\/uploads\/2019\/09\/ambriola.png 930w\" sizes=\"(max-width: 122px) 100vw, 122px\" \/><\/a><\/p>\n","protected":false},"excerpt":{"rendered":"<p>ANTONIO AURICCHIO (Presidente del Gruppo Auricchio) \u201c[\u2026]Esiste una perfetta complementariet\u00e0 fra noi e 3B Latte: durante questi mesi abbiamo potuto apprezzare le forti affinit\u00e0 culturali e valoriali nel modo di fare impresa e nella dedizione assoluta alla qualit\u00e0 ed alla produzione artigianale, fra il nostro Gruppo e 3B Latte.[\u2026]\u201d ALBERTO AURICCHIO (Amministratore del Gruppo Auricchio) [&hellip;]<\/p>\n","protected":false},"author":13,"featured_media":0,"parent":0,"menu_order":29,"comment_status":"closed","ping_status":"closed","template":"full_width.php","meta":{"footnotes":""},"acf":[],"yoast_head":"<!-- This site is optimized with the Yoast SEO plugin v22.8 - https:\/\/yoast.com\/wordpress\/plugins\/seo\/ -->\n<title>3B Latte entra a far parte del Gruppo Auricchio - Auricchio<\/title>\n<meta name=\"robots\" content=\"index, follow, max-snippet:-1, max-image-preview:large, max-video-preview:-1\" \/>\n<link rel=\"canonical\" href=\"https:\/\/uat.auricchio.it\/auricchio-news\" \/>\n<meta property=\"og:locale\" content=\"it_IT\" \/>\n<meta property=\"og:type\" content=\"article\" \/>\n<meta property=\"og:title\" content=\"3B Latte entra a far parte del Gruppo Auricchio - Auricchio\" \/>\n<meta property=\"og:description\" content=\"ANTONIO AURICCHIO (Presidente del Gruppo Auricchio) \u201c[\u2026]Esiste una perfetta complementariet\u00e0 fra noi e 3B Latte: durante questi mesi abbiamo potuto apprezzare le forti affinit\u00e0 culturali e valoriali nel modo di fare impresa e nella dedizione assoluta alla qualit\u00e0 ed alla produzione artigianale, fra il nostro Gruppo e 3B Latte.[\u2026]\u201d ALBERTO AURICCHIO (Amministratore del Gruppo Auricchio) [&hellip;]\" \/>\n<meta property=\"og:url\" content=\"https:\/\/uat.auricchio.it\/auricchio-news\" \/>\n<meta property=\"og:site_name\" content=\"Auricchio\" \/>\n<meta property=\"article:modified_time\" content=\"2023-01-11T12:35:06+00:00\" \/>\n<meta property=\"og:image\" content=\"https:\/\/uat.auricchio.it\/wp-content\/uploads\/2022\/11\/auricchio-claim-300x291.png\" \/>\n<meta name=\"twitter:card\" content=\"summary_large_image\" \/>\n<meta name=\"twitter:label1\" content=\"Tempo di lettura stimato\" \/>\n\t<meta name=\"twitter:data1\" content=\"1 minuto\" \/>\n<script type=\"application\/ld+json\" class=\"yoast-schema-graph\">{\"@context\":\"https:\/\/schema.org\",\"@graph\":[{\"@type\":\"WebPage\",\"@id\":\"https:\/\/uat.auricchio.it\/auricchio-news\",\"url\":\"https:\/\/uat.auricchio.it\/auricchio-news\",\"name\":\"3B Latte entra a far parte del Gruppo Auricchio - Auricchio\",\"isPartOf\":{\"@id\":\"https:\/\/uat.auricchio.it\/#website\"},\"primaryImageOfPage\":{\"@id\":\"https:\/\/uat.auricchio.it\/auricchio-news#primaryimage\"},\"image\":{\"@id\":\"https:\/\/uat.auricchio.it\/auricchio-news#primaryimage\"},\"thumbnailUrl\":\"https:\/\/uat.auricchio.it\/wp-content\/uploads\/2022\/11\/auricchio-claim-300x291.png\",\"datePublished\":\"2022-11-28T10:47:37+00:00\",\"dateModified\":\"2023-01-11T12:35:06+00:00\",\"breadcrumb\":{\"@id\":\"https:\/\/uat.auricchio.it\/auricchio-news#breadcrumb\"},\"inLanguage\":\"it-IT\",\"potentialAction\":[{\"@type\":\"ReadAction\",\"target\":[\"https:\/\/uat.auricchio.it\/auricchio-news\"]}]},{\"@type\":\"ImageObject\",\"inLanguage\":\"it-IT\",\"@id\":\"https:\/\/uat.auricchio.it\/auricchio-news#primaryimage\",\"url\":\"https:\/\/uat.auricchio.it\/wp-content\/uploads\/2022\/11\/auricchio-claim.png\",\"contentUrl\":\"https:\/\/uat.auricchio.it\/wp-content\/uploads\/2022\/11\/auricchio-claim.png\",\"width\":929,\"height\":900},{\"@type\":\"BreadcrumbList\",\"@id\":\"https:\/\/uat.auricchio.it\/auricchio-news#breadcrumb\",\"itemListElement\":[{\"@type\":\"ListItem\",\"position\":1,\"name\":\"Home\",\"item\":\"https:\/\/uat.auricchio.it\/\"},{\"@type\":\"ListItem\",\"position\":2,\"name\":\"3B Latte entra a far parte del Gruppo Auricchio\"}]},{\"@type\":\"WebSite\",\"@id\":\"https:\/\/uat.auricchio.it\/#website\",\"url\":\"https:\/\/uat.auricchio.it\/\",\"name\":\"Auricchio\",\"description\":\"Ogni spicchio qualcosa di speciale\",\"potentialAction\":[{\"@type\":\"SearchAction\",\"target\":{\"@type\":\"EntryPoint\",\"urlTemplate\":\"https:\/\/uat.auricchio.it\/?s={search_term_string}\"},\"query-input\":\"required name=search_term_string\"}],\"inLanguage\":\"it-IT\"}]}<\/script>\n<!-- \/ Yoast SEO plugin. -->","yoast_head_json":{"title":"3B Latte entra a far parte del Gruppo Auricchio - Auricchio","robots":{"index":"index","follow":"follow","max-snippet":"max-snippet:-1","max-image-preview":"max-image-preview:large","max-video-preview":"max-video-preview:-1"},"canonical":"https:\/\/uat.auricchio.it\/auricchio-news","og_locale":"it_IT","og_type":"article","og_title":"3B Latte entra a far parte del Gruppo Auricchio - Auricchio","og_description":"ANTONIO AURICCHIO (Presidente del Gruppo Auricchio) \u201c[\u2026]Esiste una perfetta complementariet\u00e0 fra noi e 3B Latte: durante questi mesi abbiamo potuto apprezzare le forti affinit\u00e0 culturali e valoriali nel modo di fare impresa e nella dedizione assoluta alla qualit\u00e0 ed alla produzione artigianale, fra il nostro Gruppo e 3B Latte.[\u2026]\u201d ALBERTO AURICCHIO (Amministratore del Gruppo Auricchio) [&hellip;]","og_url":"https:\/\/uat.auricchio.it\/auricchio-news","og_site_name":"Auricchio","article_modified_time":"2023-01-11T12:35:06+00:00","og_image":[{"url":"https:\/\/uat.auricchio.it\/wp-content\/uploads\/2022\/11\/auricchio-claim-300x291.png"}],"twitter_card":"summary_large_image","twitter_misc":{"Tempo di lettura stimato":"1 minuto"},"schema":{"@context":"https:\/\/schema.org","@graph":[{"@type":"WebPage","@id":"https:\/\/uat.auricchio.it\/auricchio-news","url":"https:\/\/uat.auricchio.it\/auricchio-news","name":"3B Latte entra a far parte del Gruppo Auricchio - Auricchio","isPartOf":{"@id":"https:\/\/uat.auricchio.it\/#website"},"primaryImageOfPage":{"@id":"https:\/\/uat.auricchio.it\/auricchio-news#primaryimage"},"image":{"@id":"https:\/\/uat.auricchio.it\/auricchio-news#primaryimage"},"thumbnailUrl":"https:\/\/uat.auricchio.it\/wp-content\/uploads\/2022\/11\/auricchio-claim-300x291.png","datePublished":"2022-11-28T10:47:37+00:00","dateModified":"2023-01-11T12:35:06+00:00","breadcrumb":{"@id":"https:\/\/uat.auricchio.it\/auricchio-news#breadcrumb"},"inLanguage":"it-IT","potentialAction":[{"@type":"ReadAction","target":["https:\/\/uat.auricchio.it\/auricchio-news"]}]},{"@type":"ImageObject","inLanguage":"it-IT","@id":"https:\/\/uat.auricchio.it\/auricchio-news#primaryimage","url":"https:\/\/uat.auricchio.it\/wp-content\/uploads\/2022\/11\/auricchio-claim.png","contentUrl":"https:\/\/uat.auricchio.it\/wp-content\/uploads\/2022\/11\/auricchio-claim.png","width":929,"height":900},{"@type":"BreadcrumbList","@id":"https:\/\/uat.auricchio.it\/auricchio-news#breadcrumb","itemListElement":[{"@type":"ListItem","position":1,"name":"Home","item":"https:\/\/uat.auricchio.it\/"},{"@type":"ListItem","position":2,"name":"3B Latte entra a far parte del Gruppo Auricchio"}]},{"@type":"WebSite","@id":"https:\/\/uat.auricchio.it\/#website","url":"https:\/\/uat.auricchio.it\/","name":"Auricchio","description":"Ogni spicchio qualcosa di speciale","potentialAction":[{"@type":"SearchAction","target":{"@type":"EntryPoint","urlTemplate":"https:\/\/uat.auricchio.it\/?s={search_term_string}"},"query-input":"required name=search_term_string"}],"inLanguage":"it-IT"}]}},"_links":{"self":[{"href":"https:\/\/uat.auricchio.it\/index.php?rest_route=\/wp\/v2\/pages\/62673"}],"collection":[{"href":"https:\/\/uat.auricchio.it\/index.php?rest_route=\/wp\/v2\/pages"}],"about":[{"href":"https:\/\/uat.auricchio.it\/index.php?rest_route=\/wp\/v2\/types\/page"}],"author":[{"embeddable":true,"href":"https:\/\/uat.auricchio.it\/index.php?rest_route=\/wp\/v2\/users\/13"}],"replies":[{"embeddable":true,"href":"https:\/\/uat.auricchio.it\/index.php?rest_route=%2Fwp%2Fv2%2Fcomments&post=62673"}],"version-history":[{"count":107,"href":"https:\/\/uat.auricchio.it\/index.php?rest_route=\/wp\/v2\/pages\/62673\/revisions"}],"predecessor-version":[{"id":65572,"href":"https:\/\/uat.auricchio.it\/index.php?rest_route=\/wp\/v2\/pages\/62673\/revisions\/65572"}],"wp:attachment":[{"href":"https:\/\/uat.auricchio.it\/index.php?rest_route=%2Fwp%2Fv2%2Fmedia&parent=62673"}],"curies":[{"name":"wp","href":"https:\/\/api.w.org\/{rel}","templated":true}]}}